{"id":602,"date":"2020-10-14T09:28:52","date_gmt":"2020-10-14T06:28:52","guid":{"rendered":"https:\/\/rayrafting.com\/contact\/"},"modified":"2025-07-07T11:56:35","modified_gmt":"2025-07-07T08:56:35","slug":"contact","status":"publish","type":"page","link":"https:\/\/rayrafting.com\/en\/contact\/","title":{"rendered":"Contact"},"content":{"rendered":"\t\t<div data-elementor-type=\"wp-page\" data-elementor-id=\"602\" class=\"elementor elementor-602 elementor-82\">\n\t\t\t\t<div class=\"aux-parallax-section elementor-element elementor-element-d68782c e-flex e-con-boxed e-con e-parent\" data-id=\"d68782c\" data-element_type=\"container\">\n\t\t\t\t\t<div class=\"e-con-inner\">\n\t\t<div class=\"elementor-element elementor-element-5f89b90 e-con-full e-flex e-con e-child\" data-id=\"5f89b90\" data-element_type=\"container\">\n\t\t\t\t<div class=\"elementor-element elementor-element-6c178dd elementor-widget elementor-widget-html\" data-id=\"6c178dd\" data-element_type=\"widget\" data-widget_type=\"html.default\">\n\t\t\t\t<div class=\"elementor-widget-container\">\n\t\t\t\t\t<!DOCTYPE html><html lang=\"tr\"><head><meta charset=\"UTF-8\"><meta name=\"viewport\" content=\"width=device-width, initial-scale=1.0\"><meta http-equiv=\"Content-Type\" content=\"text\/html; charset=utf-8\"><title>\u0130leti\u015fim Bilgileri<\/title><style>@import url('https:\/\/fonts.googleapis.com\/css2?family=Montserrat:ital,wght@0,300;0,400;0,500;0,600;0,700;0,800;1,300;1,400;1,500;1,600;1,700;1,800&subset=latin,latin-ext&display=swap');\n        \n        * {\n            margin: 0;\n            padding: 0;\n            box-sizing: border-box;\n        }\n\n        body {\n            font-family: 'Montserrat', 'Segoe UI', Tahoma, Geneva, Verdana, sans-serif;\n            line-height: 1.7;\n            color: #333;\n            background: #f8fafc;\n            padding: 40px 20px;\n        }\n\n        .contact-info {\n            background: white;\n            padding: 50px;\n            border-radius: 20px;\n            box-shadow: 0 15px 35px rgba(0,0,0,0.08);\n            max-width: 600px;\n            margin: 0 auto;\n        }\n\n        .contact-info h2 {\n            font-size: 2.2rem;\n            font-weight: 700;\n            color: #1e40af;\n            margin-bottom: 30px;\n        }\n\n        .contact-item {\n            display: flex;\n            align-items: flex-start;\n            gap: 20px;\n            margin-bottom: 35px;\n            padding: 25px;\n            background: #f8fafc;\n            border-radius: 15px;\n            border-left: 4px solid #3b82f6;\n            transition: all 0.3s ease;\n        }\n\n        .contact-item:hover {\n            transform: translateY(-2px);\n            box-shadow: 0 8px 25px rgba(59, 130, 246, 0.15);\n        }\n\n        .contact-icon {\n            background: linear-gradient(135deg, #3b82f6, #1e40af);\n            color: white;\n            width: 50px;\n            height: 50px;\n            border-radius: 12px;\n            display: flex;\n            align-items: center;\n            justify-content: center;\n            font-size: 1.2rem;\n            flex-shrink: 0;\n        }\n\n        .contact-details h3 {\n            font-size: 1.3rem;\n            font-weight: 600;\n            color: #1e293b;\n            margin-bottom: 8px;\n        }\n\n        .contact-details p {\n            color: #64748b;\n            font-size: 1rem;\n            line-height: 1.6;\n        }\n\n        .contact-details a {\n            color: #3b82f6;\n            text-decoration: none;\n            font-weight: 500;\n            transition: color 0.3s ease;\n        }\n\n        .contact-details a:hover {\n            color: #1e40af;\n        }\n\n        .working-hours {\n            background: #f8fafc;\n            padding: 30px;\n            border-radius: 15px;\n            margin-top: 30px;\n        }\n\n        .working-hours h3 {\n            font-size: 1.3rem;\n            font-weight: 600;\n            color: #1e293b;\n            margin-bottom: 15px;\n        }\n\n        .hours-grid {\n            display: grid;\n            grid-template-columns: 1fr 1fr;\n            gap: 10px;\n        }\n\n        .hours-item {\n            display: flex;\n            justify-content: space-between;\n            padding: 8px 0;\n            border-bottom: 1px solid #e2e8f0;\n        }\n\n        .hours-item:last-child {\n            border-bottom: none;\n        }\n\n        .day {\n            font-weight: 500;\n            color: #374151;\n        }\n\n        .time {\n            color: #10b981;\n            font-weight: 600;\n        }\n\n        @media (max-width: 768px) {\n            body {\n                padding: 20px 10px;\n            }\n            \n            .contact-info {\n                padding: 30px 25px;\n            }\n            \n            .hours-grid {\n                grid-template-columns: 1fr;\n            }\n        }\n    <\/style><\/head><body><div class=\"contact-info\"><h2>\u0130leti\u015fim Bilgileri<\/h2><div class=\"contact-item\"><div class=\"contact-icon\">\ud83d\udcde<\/div><div class=\"contact-details\"><h3>Telefon<\/h3><p><a href=\"tel:+905446680549\">+90 544 668 05 49<\/a><\/p><p>7\/24 rezervasyon ve bilgi hatt\u0131<\/p><\/div><\/div><div class=\"contact-item\"><div class=\"contact-icon\">\ud83d\udce7<\/div><div class=\"contact-details\"><h3>E-posta<\/h3><p><a href=\"mailto:info@rayrafting.com\">info@rayrafting.com<\/a><\/p><p>Sorular\u0131n\u0131z i\u00e7in bize yaz\u0131n<\/p><\/div><\/div><div class=\"contact-item\"><div class=\"contact-icon\">\ud83d\udccd<\/div><div class=\"contact-details\"><h3>Adres<\/h3><p>Arde\u015fen \u00c7aml\u0131hem\u015fin Yolu 12.km<br\/>Ho\u015fdere K\u00f6y\u00fc, 53480<br\/>\u00c7aml\u0131hem\u015fin\/Rize<\/p><\/div><\/div><div class=\"contact-item\"><div class=\"contact-icon\">\ud83d\udcac<\/div><div class=\"contact-details\"><h3>WhatsApp<\/h3><p><a href=\"https:\/\/wa.link\/khm513\" target=\"_blank\">H\u0131zl\u0131 \u0130leti\u015fim<\/a><\/p><p>An\u0131nda yan\u0131t i\u00e7in WhatsApp'tan yaz\u0131n<\/p><\/div><\/div><\/div><\/body><\/html>\t\t\t\t<\/div>\n\t\t\t\t<\/div>\n\t\t\t\t<\/div>\n\t\t<div class=\"elementor-element elementor-element-b585a87 e-con-full e-flex e-con e-child\" data-id=\"b585a87\" data-element_type=\"container\">\n\t\t\t\t<div class=\"elementor-element elementor-element-22521fe elementor-widget elementor-widget-aux_contact_form\" data-id=\"22521fe\" data-element_type=\"widget\" data-widget_type=\"aux_contact_form.default\">\n\t\t\t\t<div class=\"elementor-widget-container\">\n\t\t\t\t\t<section class=\"widget-container aux-widget-contact-form aux-parent-au4024ef39\">            <div class=\"aux-col-wrapper aux-no-gutter\">\n            <!-- @TODO - The output for element here -->\n\n            \n<div class=\"wpcf7 no-js\" id=\"wpcf7-f698-o1\" lang=\"en-US\" dir=\"ltr\" data-wpcf7-id=\"698\">\n<div class=\"screen-reader-response\"><p role=\"status\" aria-live=\"polite\" aria-atomic=\"true\"><\/p> <ul><\/ul><\/div>\n<form action=\"\/en\/wp-json\/wp\/v2\/pages\/602#wpcf7-f698-o1\" method=\"post\" class=\"wpcf7-form init\" aria-label=\"Contact form\" novalidate=\"novalidate\" data-status=\"init\">\n<div style=\"display: none;\">\n<input type=\"hidden\" name=\"_wpcf7\" value=\"698\" \/>\n<input type=\"hidden\" name=\"_wpcf7_version\" value=\"6.0.6\" \/>\n<input type=\"hidden\" name=\"_wpcf7_locale\" value=\"en_US\" \/>\n<input type=\"hidden\" name=\"_wpcf7_unit_tag\" value=\"wpcf7-f698-o1\" \/>\n<input type=\"hidden\" name=\"_wpcf7_container_post\" value=\"0\" \/>\n<input type=\"hidden\" name=\"_wpcf7_posted_data_hash\" value=\"\" \/>\n<\/div>\n<h2>Contact Us\n<\/h2>\n<p><label> Name Surname *<br \/>\n<span class=\"wpcf7-form-control-wrap\" data-name=\"your-name\"><input size=\"40\" maxlength=\"400\" class=\"wpcf7-form-control wpcf7-text wpcf7-validates-as-required\" aria-required=\"true\" aria-invalid=\"false\" placeholder=\"Your first and last name\" value=\"\" type=\"text\" name=\"your-name\" \/><\/span> <\/label>\n<\/p>\n<p><label> Email *<br \/>\n<span class=\"wpcf7-form-control-wrap\" data-name=\"your-email\"><input size=\"40\" maxlength=\"400\" class=\"wpcf7-form-control wpcf7-email wpcf7-validates-as-required wpcf7-text wpcf7-validates-as-email\" aria-required=\"true\" aria-invalid=\"false\" placeholder=\"Your email address\" value=\"\" type=\"email\" name=\"your-email\" \/><\/span> <\/label>\n<\/p>\n<p><label> Service of Interest<br \/>\n<span class=\"wpcf7-form-control-wrap\" data-name=\"your-service\"><select class=\"wpcf7-form-control wpcf7-select\" aria-invalid=\"false\" name=\"your-service\"><option value=\"\">&#8212;Please choose an option&#8212;<\/option><option value=\"Select\">Select<\/option><option value=\"Rafting\">Rafting<\/option><option value=\"Zipline\">Zipline<\/option><option value=\"Giant Swing\">Giant Swing<\/option><option value=\"ATV Safari\">ATV Safari<\/option><option value=\"Plateau Tours\">Plateau Tours<\/option><option value=\"Combined Package\">Combined Package<\/option><option value=\"Other\">Other<\/option><\/select><\/span> <\/label>\n<\/p>\n<p><label> Number of People<br \/>\n<span class=\"wpcf7-form-control-wrap\" data-name=\"your-people\"><select class=\"wpcf7-form-control wpcf7-select\" aria-invalid=\"false\" name=\"your-people\"><option value=\"\">&#8212;Please choose an option&#8212;<\/option><option value=\"Select\">Select<\/option><option value=\"1 Person\">1 Person<\/option><option value=\"2 People\">2 People<\/option><option value=\"3-5 People\">3-5 People<\/option><option value=\"6-10 People\">6-10 People<\/option><option value=\"10+ People\">10+ People<\/option><\/select><\/span> <\/label>\n<\/p>\n<p><label> Your message *<br \/>\n<span class=\"wpcf7-form-control-wrap\" data-name=\"your-message\"><textarea cols=\"40\" rows=\"10\" maxlength=\"2000\" class=\"wpcf7-form-control wpcf7-textarea wpcf7-validates-as-required\" aria-required=\"true\" aria-invalid=\"false\" placeholder=\"You can write your questions, special requests or details here...\" name=\"your-message\"><\/textarea><\/span> <\/label>\n<\/p>\n<p><input class=\"wpcf7-form-control wpcf7-submit has-spinner\" type=\"submit\" value=\"Submit Form\" \/>\n<\/p><div class=\"wpcf7-response-output\" aria-hidden=\"true\"><\/div>\n<\/form>\n<\/div>\n\n\n            <\/div><!-- aux-col-wrapper -->\n    <\/section><!-- widget-container -->\t\t\t\t<\/div>\n\t\t\t\t<\/div>\n\t\t\t\t<\/div>\n\t\t\t\t\t<\/div>\n\t\t\t\t<\/div>\n\t\t\t\t<\/div>\n\t\t","protected":false},"excerpt":{"rendered":"<p>\u0130leti\u015fim Bilgileri \u0130leti\u015fim Bilgileri \ud83d\udcde Telefon +90 544 668 05 49 7\/24 rezervasyon ve bilgi hatt\u0131 \ud83d\udce7 E-posta info@rayrafting.com Sorular\u0131n\u0131z i\u00e7in bize yaz\u0131n \ud83d\udccd Adres Arde\u015fen \u00c7aml\u0131hem\u015fin Yolu 12.kmHo\u015fdere K\u00f6y\u00fc, 53480\u00c7aml\u0131hem\u015fin\/Rize \ud83d\udcac WhatsApp H\u0131zl\u0131 \u0130leti\u015fim An\u0131nda yan\u0131t i\u00e7in WhatsApp&#8217;tan yaz\u0131n Bizimle \u0130leti\u015fime Ge\u00e7in Ad Soyad * E-posta * \u0130lgilendi\u011finiz Hizmet &#8212;L\u00fctfen bir se\u00e7enek se\u00e7in&#8212;Se\u00e7inizRaftingZiplineDev Sal\u0131ncakATV [&hellip;]<\/p>\n","protected":false},"author":1,"featured_media":0,"parent":0,"menu_order":0,"comment_status":"closed","ping_status":"closed","template":"templates\/page-builder-content.php","meta":{"footnotes":""},"class_list":["post-602","page","type-page","status-publish","hentry"],"yoast_head":"<!-- This site is optimized with the Yoast SEO Premium plugin v25.4 (Yoast SEO v25.4) - https:\/\/yoast.com\/wordpress\/plugins\/seo\/ -->\n<title>Contact - Ray Rafting<\/title>\n<meta name=\"robots\" content=\"index, follow, max-snippet:-1, max-image-preview:large, max-video-preview:-1\" \/>\n<link rel=\"canonical\" href=\"https:\/\/rayrafting.com\/en\/contact\/\" \/>\n<meta property=\"og:locale\" content=\"en_US\" \/>\n<meta property=\"og:type\" content=\"article\" \/>\n<meta property=\"og:title\" content=\"Contact\" \/>\n<meta property=\"og:description\" content=\"\u0130leti\u015fim Bilgileri \u0130leti\u015fim Bilgileri \ud83d\udcde Telefon +90 544 668 05 49 7\/24 rezervasyon ve bilgi hatt\u0131 \ud83d\udce7 E-posta info@rayrafting.com Sorular\u0131n\u0131z i\u00e7in bize yaz\u0131n \ud83d\udccd Adres Arde\u015fen \u00c7aml\u0131hem\u015fin Yolu 12.kmHo\u015fdere K\u00f6y\u00fc, 53480\u00c7aml\u0131hem\u015fin\/Rize \ud83d\udcac WhatsApp H\u0131zl\u0131 \u0130leti\u015fim An\u0131nda yan\u0131t i\u00e7in WhatsApp&#8217;tan yaz\u0131n Bizimle \u0130leti\u015fime Ge\u00e7in Ad Soyad * E-posta * \u0130lgilendi\u011finiz Hizmet &#8212;L\u00fctfen bir se\u00e7enek se\u00e7in&#8212;Se\u00e7inizRaftingZiplineDev Sal\u0131ncakATV [&hellip;]\" \/>\n<meta property=\"og:url\" content=\"https:\/\/rayrafting.com\/en\/contact\/\" \/>\n<meta property=\"og:site_name\" content=\"Ray Rafting\" \/>\n<meta property=\"article:modified_time\" content=\"2025-07-07T08:56:35+00:00\" \/>\n<meta name=\"twitter:card\" content=\"summary_large_image\" \/>\n<meta name=\"twitter:label1\" content=\"Est. reading time\" \/>\n\t<meta name=\"twitter:data1\" content=\"1 minute\" \/>\n<script type=\"application\/ld+json\" class=\"yoast-schema-graph\">{\"@context\":\"https:\/\/schema.org\",\"@graph\":[{\"@type\":\"WebPage\",\"@id\":\"https:\/\/rayrafting.com\/en\/contact\/\",\"url\":\"https:\/\/rayrafting.com\/en\/contact\/\",\"name\":\"Contact - Ray Rafting\",\"isPartOf\":{\"@id\":\"http:\/\/rayrafting.com\/#website\"},\"datePublished\":\"2020-10-14T06:28:52+00:00\",\"dateModified\":\"2025-07-07T08:56:35+00:00\",\"breadcrumb\":{\"@id\":\"https:\/\/rayrafting.com\/en\/contact\/#breadcrumb\"},\"inLanguage\":\"en-US\",\"potentialAction\":[{\"@type\":\"ReadAction\",\"target\":[\"https:\/\/rayrafting.com\/en\/contact\/\"]}]},{\"@type\":\"BreadcrumbList\",\"@id\":\"https:\/\/rayrafting.com\/en\/contact\/#breadcrumb\",\"itemListElement\":[{\"@type\":\"ListItem\",\"position\":1,\"name\":\"Anasayfa\",\"item\":\"https:\/\/rayrafting.com\/en\/\"},{\"@type\":\"ListItem\",\"position\":2,\"name\":\"Contact\"}]},{\"@type\":\"WebSite\",\"@id\":\"http:\/\/rayrafting.com\/#website\",\"url\":\"http:\/\/rayrafting.com\/\",\"name\":\"Ray Rafting\",\"description\":\"\",\"publisher\":{\"@id\":\"http:\/\/rayrafting.com\/#organization\"},\"potentialAction\":[{\"@type\":\"SearchAction\",\"target\":{\"@type\":\"EntryPoint\",\"urlTemplate\":\"http:\/\/rayrafting.com\/?s={search_term_string}\"},\"query-input\":{\"@type\":\"PropertyValueSpecification\",\"valueRequired\":true,\"valueName\":\"search_term_string\"}}],\"inLanguage\":\"en-US\"},{\"@type\":\"Organization\",\"@id\":\"http:\/\/rayrafting.com\/#organization\",\"name\":\"Ray Rafting\",\"url\":\"http:\/\/rayrafting.com\/\",\"logo\":{\"@type\":\"ImageObject\",\"inLanguage\":\"en-US\",\"@id\":\"http:\/\/rayrafting.com\/#\/schema\/logo\/image\/\",\"url\":\"https:\/\/rayrafting.com\/wp-content\/uploads\/2025\/06\/ray_rafting_logo-5.svg\",\"contentUrl\":\"https:\/\/rayrafting.com\/wp-content\/uploads\/2025\/06\/ray_rafting_logo-5.svg\",\"width\":153,\"height\":40,\"caption\":\"Ray Rafting\"},\"image\":{\"@id\":\"http:\/\/rayrafting.com\/#\/schema\/logo\/image\/\"}}]}<\/script>\n<!-- \/ Yoast SEO Premium plugin. -->","yoast_head_json":{"title":"Contact - Ray Rafting","robots":{"index":"index","follow":"follow","max-snippet":"max-snippet:-1","max-image-preview":"max-image-preview:large","max-video-preview":"max-video-preview:-1"},"canonical":"https:\/\/rayrafting.com\/en\/contact\/","og_locale":"en_US","og_type":"article","og_title":"Contact","og_description":"\u0130leti\u015fim Bilgileri \u0130leti\u015fim Bilgileri \ud83d\udcde Telefon +90 544 668 05 49 7\/24 rezervasyon ve bilgi hatt\u0131 \ud83d\udce7 E-posta info@rayrafting.com Sorular\u0131n\u0131z i\u00e7in bize yaz\u0131n \ud83d\udccd Adres Arde\u015fen \u00c7aml\u0131hem\u015fin Yolu 12.kmHo\u015fdere K\u00f6y\u00fc, 53480\u00c7aml\u0131hem\u015fin\/Rize \ud83d\udcac WhatsApp H\u0131zl\u0131 \u0130leti\u015fim An\u0131nda yan\u0131t i\u00e7in WhatsApp&#8217;tan yaz\u0131n Bizimle \u0130leti\u015fime Ge\u00e7in Ad Soyad * E-posta * \u0130lgilendi\u011finiz Hizmet &#8212;L\u00fctfen bir se\u00e7enek se\u00e7in&#8212;Se\u00e7inizRaftingZiplineDev Sal\u0131ncakATV [&hellip;]","og_url":"https:\/\/rayrafting.com\/en\/contact\/","og_site_name":"Ray Rafting","article_modified_time":"2025-07-07T08:56:35+00:00","twitter_card":"summary_large_image","twitter_misc":{"Est. reading time":"1 minute"},"schema":{"@context":"https:\/\/schema.org","@graph":[{"@type":"WebPage","@id":"https:\/\/rayrafting.com\/en\/contact\/","url":"https:\/\/rayrafting.com\/en\/contact\/","name":"Contact - Ray Rafting","isPartOf":{"@id":"http:\/\/rayrafting.com\/#website"},"datePublished":"2020-10-14T06:28:52+00:00","dateModified":"2025-07-07T08:56:35+00:00","breadcrumb":{"@id":"https:\/\/rayrafting.com\/en\/contact\/#breadcrumb"},"inLanguage":"en-US","potentialAction":[{"@type":"ReadAction","target":["https:\/\/rayrafting.com\/en\/contact\/"]}]},{"@type":"BreadcrumbList","@id":"https:\/\/rayrafting.com\/en\/contact\/#breadcrumb","itemListElement":[{"@type":"ListItem","position":1,"name":"Anasayfa","item":"https:\/\/rayrafting.com\/en\/"},{"@type":"ListItem","position":2,"name":"Contact"}]},{"@type":"WebSite","@id":"http:\/\/rayrafting.com\/#website","url":"http:\/\/rayrafting.com\/","name":"Ray Rafting","description":"","publisher":{"@id":"http:\/\/rayrafting.com\/#organization"},"potentialAction":[{"@type":"SearchAction","target":{"@type":"EntryPoint","urlTemplate":"http:\/\/rayrafting.com\/?s={search_term_string}"},"query-input":{"@type":"PropertyValueSpecification","valueRequired":true,"valueName":"search_term_string"}}],"inLanguage":"en-US"},{"@type":"Organization","@id":"http:\/\/rayrafting.com\/#organization","name":"Ray Rafting","url":"http:\/\/rayrafting.com\/","logo":{"@type":"ImageObject","inLanguage":"en-US","@id":"http:\/\/rayrafting.com\/#\/schema\/logo\/image\/","url":"https:\/\/rayrafting.com\/wp-content\/uploads\/2025\/06\/ray_rafting_logo-5.svg","contentUrl":"https:\/\/rayrafting.com\/wp-content\/uploads\/2025\/06\/ray_rafting_logo-5.svg","width":153,"height":40,"caption":"Ray Rafting"},"image":{"@id":"http:\/\/rayrafting.com\/#\/schema\/logo\/image\/"}}]}},"_links":{"self":[{"href":"https:\/\/rayrafting.com\/en\/wp-json\/wp\/v2\/pages\/602","targetHints":{"allow":["GET"]}}],"collection":[{"href":"https:\/\/rayrafting.com\/en\/wp-json\/wp\/v2\/pages"}],"about":[{"href":"https:\/\/rayrafting.com\/en\/wp-json\/wp\/v2\/types\/page"}],"author":[{"embeddable":true,"href":"https:\/\/rayrafting.com\/en\/wp-json\/wp\/v2\/users\/1"}],"replies":[{"embeddable":true,"href":"https:\/\/rayrafting.com\/en\/wp-json\/wp\/v2\/comments?post=602"}],"version-history":[{"count":0,"href":"https:\/\/rayrafting.com\/en\/wp-json\/wp\/v2\/pages\/602\/revisions"}],"wp:attachment":[{"href":"https:\/\/rayrafting.com\/en\/wp-json\/wp\/v2\/media?parent=602"}],"curies":[{"name":"wp","href":"https:\/\/api.w.org\/{rel}","templated":true}]}}