{"id":629,"date":"2025-06-26T15:57:06","date_gmt":"2025-06-26T12:57:06","guid":{"rendered":"https:\/\/rayrafting.com\/our-gallery\/"},"modified":"2025-07-07T11:57:11","modified_gmt":"2025-07-07T08:57:11","slug":"our-gallery","status":"publish","type":"page","link":"https:\/\/rayrafting.com\/en\/our-gallery\/","title":{"rendered":"Our Gallery"},"content":{"rendered":"\t\t<div data-elementor-type=\"wp-page\" data-elementor-id=\"629\" class=\"elementor elementor-629 elementor-262\">\n\t\t\t\t<div class=\"aux-parallax-section elementor-element elementor-element-5eb8fe3 e-flex e-con-boxed e-con e-parent\" data-id=\"5eb8fe3\" data-element_type=\"container\">\n\t\t\t\t\t<div class=\"e-con-inner\">\n\t\t\t\t<div class=\"elementor-element elementor-element-a95238f elementor-widget elementor-widget-heading\" data-id=\"a95238f\" data-element_type=\"widget\" data-widget_type=\"heading.default\">\n\t\t\t\t<div class=\"elementor-widget-container\">\n\t\t\t\t\t<h1 class=\"elementor-heading-title elementor-size-default\">Photos of Unforgettable Moments<\/h1>\t\t\t\t<\/div>\n\t\t\t\t<\/div>\n\t\t\t\t<div class=\"elementor-element elementor-element-7f024c5 gallery-spacing-custom elementor-widget elementor-widget-image-gallery\" data-id=\"7f024c5\" data-element_type=\"widget\" data-widget_type=\"image-gallery.default\">\n\t\t\t\t<div class=\"elementor-widget-container\">\n\t\t\t\t\t\t\t<div class=\"elementor-image-gallery\">\n\t\t\t<div id='gallery-1' class='gallery galleryid-629 gallery-columns-4 gallery-size-full'><figure class='gallery-item'>\n\t\t\t<div class='gallery-icon landscape'>\n\t\t\t\t<img fetchpriority=\"high\" decoding=\"async\" width=\"507\" height=\"350\" src=\"https:\/\/rayrafting.com\/wp-content\/uploads\/2025\/06\/17.png\" class=\"attachment-full size-full\" alt=\"\" srcset=\"https:\/\/rayrafting.com\/wp-content\/uploads\/2025\/06\/17.png 507w, https:\/\/rayrafting.com\/wp-content\/uploads\/2025\/06\/17-200x138.png 200w\" sizes=\"(max-width: 507px) 100vw, 507px\" \/>\n\t\t\t<\/div><\/figure><figure class='gallery-item'>\n\t\t\t<div class='gallery-icon landscape'>\n\t\t\t\t<img decoding=\"async\" width=\"507\" height=\"350\" src=\"https:\/\/rayrafting.com\/wp-content\/uploads\/2025\/06\/16.png\" class=\"attachment-full size-full\" alt=\"\" srcset=\"https:\/\/rayrafting.com\/wp-content\/uploads\/2025\/06\/16.png 507w, https:\/\/rayrafting.com\/wp-content\/uploads\/2025\/06\/16-200x138.png 200w\" sizes=\"(max-width: 507px) 100vw, 507px\" \/>\n\t\t\t<\/div><\/figure><figure class='gallery-item'>\n\t\t\t<div class='gallery-icon landscape'>\n\t\t\t\t<img decoding=\"async\" width=\"507\" height=\"350\" src=\"https:\/\/rayrafting.com\/wp-content\/uploads\/2025\/06\/15.png\" class=\"attachment-full size-full\" alt=\"\" srcset=\"https:\/\/rayrafting.com\/wp-content\/uploads\/2025\/06\/15.png 507w, https:\/\/rayrafting.com\/wp-content\/uploads\/2025\/06\/15-200x138.png 200w\" sizes=\"(max-width: 507px) 100vw, 507px\" \/>\n\t\t\t<\/div><\/figure><figure class='gallery-item'>\n\t\t\t<div class='gallery-icon landscape'>\n\t\t\t\t<img loading=\"lazy\" decoding=\"async\" width=\"507\" height=\"350\" src=\"https:\/\/rayrafting.com\/wp-content\/uploads\/2025\/06\/13.png\" class=\"attachment-full size-full\" alt=\"\" srcset=\"https:\/\/rayrafting.com\/wp-content\/uploads\/2025\/06\/13.png 507w, https:\/\/rayrafting.com\/wp-content\/uploads\/2025\/06\/13-200x138.png 200w\" sizes=\"(max-width: 507px) 100vw, 507px\" \/>\n\t\t\t<\/div><\/figure><figure class='gallery-item'>\n\t\t\t<div class='gallery-icon landscape'>\n\t\t\t\t<img loading=\"lazy\" decoding=\"async\" width=\"507\" height=\"350\" src=\"https:\/\/rayrafting.com\/wp-content\/uploads\/2025\/06\/12.png\" class=\"attachment-full size-full\" alt=\"\" srcset=\"https:\/\/rayrafting.com\/wp-content\/uploads\/2025\/06\/12.png 507w, https:\/\/rayrafting.com\/wp-content\/uploads\/2025\/06\/12-200x138.png 200w\" sizes=\"(max-width: 507px) 100vw, 507px\" \/>\n\t\t\t<\/div><\/figure><figure class='gallery-item'>\n\t\t\t<div class='gallery-icon landscape'>\n\t\t\t\t<img loading=\"lazy\" decoding=\"async\" width=\"507\" height=\"350\" src=\"https:\/\/rayrafting.com\/wp-content\/uploads\/2025\/06\/11.png\" class=\"attachment-full size-full\" alt=\"\" srcset=\"https:\/\/rayrafting.com\/wp-content\/uploads\/2025\/06\/11.png 507w, https:\/\/rayrafting.com\/wp-content\/uploads\/2025\/06\/11-200x138.png 200w\" sizes=\"(max-width: 507px) 100vw, 507px\" \/>\n\t\t\t<\/div><\/figure><figure class='gallery-item'>\n\t\t\t<div class='gallery-icon landscape'>\n\t\t\t\t<img loading=\"lazy\" decoding=\"async\" width=\"507\" height=\"350\" src=\"https:\/\/rayrafting.com\/wp-content\/uploads\/2025\/06\/10.png\" class=\"attachment-full size-full\" alt=\"\" srcset=\"https:\/\/rayrafting.com\/wp-content\/uploads\/2025\/06\/10.png 507w, https:\/\/rayrafting.com\/wp-content\/uploads\/2025\/06\/10-200x138.png 200w\" sizes=\"(max-width: 507px) 100vw, 507px\" \/>\n\t\t\t<\/div><\/figure><figure class='gallery-item'>\n\t\t\t<div class='gallery-icon landscape'>\n\t\t\t\t<img loading=\"lazy\" decoding=\"async\" width=\"507\" height=\"350\" src=\"https:\/\/rayrafting.com\/wp-content\/uploads\/2025\/06\/9.png\" class=\"attachment-full size-full\" alt=\"\" srcset=\"https:\/\/rayrafting.com\/wp-content\/uploads\/2025\/06\/9.png 507w, https:\/\/rayrafting.com\/wp-content\/uploads\/2025\/06\/9-200x138.png 200w\" sizes=\"(max-width: 507px) 100vw, 507px\" \/>\n\t\t\t<\/div><\/figure><figure class='gallery-item'>\n\t\t\t<div class='gallery-icon landscape'>\n\t\t\t\t<img loading=\"lazy\" decoding=\"async\" width=\"507\" height=\"350\" src=\"https:\/\/rayrafting.com\/wp-content\/uploads\/2025\/06\/8.png\" class=\"attachment-full size-full\" alt=\"\" srcset=\"https:\/\/rayrafting.com\/wp-content\/uploads\/2025\/06\/8.png 507w, https:\/\/rayrafting.com\/wp-content\/uploads\/2025\/06\/8-200x138.png 200w\" sizes=\"(max-width: 507px) 100vw, 507px\" \/>\n\t\t\t<\/div><\/figure><figure class='gallery-item'>\n\t\t\t<div class='gallery-icon landscape'>\n\t\t\t\t<img loading=\"lazy\" decoding=\"async\" width=\"507\" height=\"350\" src=\"https:\/\/rayrafting.com\/wp-content\/uploads\/2025\/06\/7.png\" class=\"attachment-full size-full\" alt=\"\" srcset=\"https:\/\/rayrafting.com\/wp-content\/uploads\/2025\/06\/7.png 507w, https:\/\/rayrafting.com\/wp-content\/uploads\/2025\/06\/7-200x138.png 200w\" sizes=\"(max-width: 507px) 100vw, 507px\" \/>\n\t\t\t<\/div><\/figure><figure class='gallery-item'>\n\t\t\t<div class='gallery-icon landscape'>\n\t\t\t\t<img loading=\"lazy\" decoding=\"async\" width=\"507\" height=\"350\" src=\"https:\/\/rayrafting.com\/wp-content\/uploads\/2025\/06\/6.png\" class=\"attachment-full size-full\" alt=\"\" srcset=\"https:\/\/rayrafting.com\/wp-content\/uploads\/2025\/06\/6.png 507w, https:\/\/rayrafting.com\/wp-content\/uploads\/2025\/06\/6-200x138.png 200w\" sizes=\"(max-width: 507px) 100vw, 507px\" \/>\n\t\t\t<\/div><\/figure><figure class='gallery-item'>\n\t\t\t<div class='gallery-icon landscape'>\n\t\t\t\t<img loading=\"lazy\" decoding=\"async\" width=\"507\" height=\"350\" src=\"https:\/\/rayrafting.com\/wp-content\/uploads\/2025\/06\/4.png\" class=\"attachment-full size-full\" alt=\"\" srcset=\"https:\/\/rayrafting.com\/wp-content\/uploads\/2025\/06\/4.png 507w, https:\/\/rayrafting.com\/wp-content\/uploads\/2025\/06\/4-200x138.png 200w\" sizes=\"(max-width: 507px) 100vw, 507px\" \/>\n\t\t\t<\/div><\/figure><figure class='gallery-item'>\n\t\t\t<div class='gallery-icon landscape'>\n\t\t\t\t<img loading=\"lazy\" decoding=\"async\" width=\"507\" height=\"350\" src=\"https:\/\/rayrafting.com\/wp-content\/uploads\/2025\/06\/3.png\" class=\"attachment-full size-full\" alt=\"\" srcset=\"https:\/\/rayrafting.com\/wp-content\/uploads\/2025\/06\/3.png 507w, https:\/\/rayrafting.com\/wp-content\/uploads\/2025\/06\/3-200x138.png 200w\" sizes=\"(max-width: 507px) 100vw, 507px\" \/>\n\t\t\t<\/div><\/figure><figure class='gallery-item'>\n\t\t\t<div class='gallery-icon landscape'>\n\t\t\t\t<img loading=\"lazy\" decoding=\"async\" width=\"507\" height=\"350\" src=\"https:\/\/rayrafting.com\/wp-content\/uploads\/2025\/06\/2.png\" class=\"attachment-full size-full\" alt=\"\" srcset=\"https:\/\/rayrafting.com\/wp-content\/uploads\/2025\/06\/2.png 507w, https:\/\/rayrafting.com\/wp-content\/uploads\/2025\/06\/2-200x138.png 200w\" sizes=\"(max-width: 507px) 100vw, 507px\" \/>\n\t\t\t<\/div><\/figure><figure class='gallery-item'>\n\t\t\t<div class='gallery-icon landscape'>\n\t\t\t\t<img loading=\"lazy\" decoding=\"async\" width=\"507\" height=\"350\" src=\"https:\/\/rayrafting.com\/wp-content\/uploads\/2025\/06\/1.png\" class=\"attachment-full size-full\" alt=\"\" srcset=\"https:\/\/rayrafting.com\/wp-content\/uploads\/2025\/06\/1.png 507w, https:\/\/rayrafting.com\/wp-content\/uploads\/2025\/06\/1-200x138.png 200w\" sizes=\"(max-width: 507px) 100vw, 507px\" \/>\n\t\t\t<\/div><\/figure>\n\t\t<\/div>\n\t\t<\/div>\n\t\t\t\t\t\t<\/div>\n\t\t\t\t<\/div>\n\t\t\t\t\t<\/div>\n\t\t\t\t<\/div>\n\t\t<div class=\"aux-parallax-section elementor-element elementor-element-e4c6edf e-flex e-con-boxed e-con e-parent\" data-id=\"e4c6edf\" data-element_type=\"container\">\n\t\t\t\t\t<div class=\"e-con-inner\">\n\t\t\t\t<div class=\"elementor-element elementor-element-d01ce80 elementor-widget elementor-widget-html\" data-id=\"d01ce80\" data-element_type=\"widget\" data-widget_type=\"html.default\">\n\t\t\t\t<div class=\"elementor-widget-container\">\n\t\t\t\t\t<!DOCTYPE html><html lang=\"tr\"><head><meta charset=\"UTF-8\"><meta name=\"viewport\" content=\"width=device-width, initial-scale=1.0\"><title>\u00d6zel Grup Turlar\u0131 ve Kombine Paketler<\/title><style>* {\n            margin: 0;\n            padding: 0;\n            box-sizing: border-box;\n        }\n\n        body {\n            font-family: -apple-system, BlinkMacSystemFont, 'Segoe UI', Roboto, Oxygen, Ubuntu, Cantarell, sans-serif;\n            background: transparent;\n            margin: 0;\n            padding: 0;\n        }\n\n        .container {\n            background: linear-gradient(135deg, #667eea 0%, #764ba2 100%);\n            border-radius: 20px;\n            padding: 40px 30px;\n            text-align: center;\n            width: 100%;\n            box-shadow: 0 10px 30px rgba(0, 0, 0, 0.15);\n        }\n\n        h1 {\n            color: white;\n            font-size: 2rem;\n            font-weight: 700;\n            margin-bottom: 20px;\n            text-shadow: 0 2px 10px rgba(0, 0, 0, 0.2);\n        }\n\n        .description {\n            color: rgba(255, 255, 255, 0.95);\n            font-size: 1rem;\n            line-height: 1.5;\n            margin-bottom: 30px;\n            text-shadow: 0 1px 5px rgba(0, 0, 0, 0.1);\n        }\n\n        .buttons {\n            display: flex;\n            gap: 20px;\n            justify-content: center;\n            flex-wrap: wrap;\n        }\n\n        .btn {\n            padding: 12px 25px;\n            border: none;\n            border-radius: 50px;\n            font-size: 0.9rem;\n            font-weight: 600;\n            cursor: pointer;\n            transition: all 0.3s ease;\n            text-decoration: none;\n            display: inline-flex;\n            align-items: center;\n            gap: 8px;\n            min-width: 180px;\n            justify-content: center;\n        }\n\n        .btn-primary {\n            background: rgba(255, 255, 255, 0.2);\n            color: white;\n            border: 2px solid rgba(255, 255, 255, 0.3);\n        }\n\n        .btn-primary:hover {\n            background: rgba(255, 255, 255, 0.3);\n            transform: translateY(-2px);\n            box-shadow: 0 10px 25px rgba(0, 0, 0, 0.2);\n        }\n\n        .btn-success {\n            background: #4CAF50;\n            color: white;\n            box-shadow: 0 5px 15px rgba(76, 175, 80, 0.3);\n        }\n\n        .btn-success:hover {\n            background: #45a049;\n            transform: translateY(-2px);\n            box-shadow: 0 10px 25px rgba(76, 175, 80, 0.4);\n        }\n\n        .icon {\n            width: 20px;\n            height: 20px;\n        }\n\n        @media (max-width: 768px) {\n            .container {\n                padding: 30px 20px;\n            }\n\n            h1 {\n                font-size: 1.8rem;\n            }\n\n            .description {\n                font-size: 0.9rem;\n            }\n\n            .buttons {\n                flex-direction: column;\n                align-items: center;\n                gap: 15px;\n            }\n\n            .btn {\n                width: 100%;\n                max-width: 250px;\n            }\n        }\n\n        \/* Animasyonlar *\/\n        @keyframes fadeInUp {\n            from {\n                opacity: 0;\n                transform: translateY(30px);\n            }\n            to {\n                opacity: 1;\n                transform: translateY(0);\n            }\n        }\n\n        .container {\n            animation: fadeInUp 0.8s ease-out;\n        }\n\n        .btn {\n            position: relative;\n            overflow: hidden;\n        }\n\n        .btn::before {\n            content: '';\n            position: absolute;\n            top: 0;\n            left: -100%;\n            width: 100%;\n            height: 100%;\n            background: linear-gradient(90deg, transparent, rgba(255, 255, 255, 0.2), transparent);\n            transition: left 0.5s;\n        }\n\n        .btn:hover::before {\n            left: 100%;\n        }\n    <\/style><\/head><body><div class=\"container\"><h1>\u00d6zel Grup Turlar\u0131 ve Kombine Paketler<\/h1><p class=\"description\">Arkada\u015f gruplar\u0131, aileler ve kurumsal etkinlikler i\u00e7in \u00f6zel d\u00fczenlenmi\u015f \n            paketler. Birden fazla aktiviteyi kombine ederek daha avantajl\u0131 fiyatlarla \n            keyifli bir g\u00fcn ge\u00e7irin.\n        <\/p><div class=\"buttons\"><a href=\"tel:+905446680549\" class=\"btn btn-primary\"><svg class=\"icon\" fill=\"currentColor\" viewBox=\"0 0 24 24\"><path d=\"M6.62 10.79c1.44 2.83 3.76 5.14 6.59 6.59l2.2-2.2c.27-.27.67-.36 1.02-.24 1.12.37 2.33.57 3.57.57.55 0 1 .45 1 1V20c0 .55-.45 1-1 1-9.39 0-17-7.61-17-17 0-.55.45-1 1-1h3.5c.55 0 1 .45 1 1 0 1.25.2 2.45.57 3.57.11.35.03.74-.25 1.02l-2.2 2.2z\"\/><\/svg>\u00d6zel Fiyat Teklifi Al\n            <\/a><a href=\"https:\/\/wa.link\/khm513\" class=\"btn btn-success\" target=\"_blank\"><svg class=\"icon\" fill=\"currentColor\" viewBox=\"0 0 24 24\"><path d=\"M17.472 14.382c-.297-.149-1.758-.867-2.03-.967-.273-.099-.471-.148-.67.15-.197.297-.767.966-.94 1.164-.173.199-.347.223-.644.075-.297-.15-1.255-.463-2.39-1.475-.883-.788-1.48-1.761-1.653-2.059-.173-.297-.018-.458.13-.606.134-.133.298-.347.446-.52.149-.174.198-.298.298-.497.099-.198.05-.371-.025-.52-.075-.149-.669-1.612-.916-2.207-.242-.579-.487-.5-.669-.51-.173-.008-.371-.01-.57-.01-.198 0-.52.074-.792.372-.272.297-1.04 1.016-1.04 2.479 0 1.462 1.065 2.875 1.213 3.074.149.198 2.096 3.2 5.077 4.487.709.306 1.262.489 1.694.625.712.227 1.36.195 1.871.118.571-.085 1.758-.719 2.006-1.413.248-.694.248-1.289.173-1.413-.074-.124-.272-.198-.57-.347m-5.421 7.403h-.004a9.87 9.87 0 01-5.031-1.378l-.361-.214-3.741.982.998-3.648-.235-.374a9.86 9.86 0 01-1.51-5.26c.001-5.45 4.436-9.884 9.888-9.884 2.64 0 5.122 1.03 6.988 2.898a9.825 9.825 0 012.893 6.994c-.003 5.45-4.437 9.884-9.885 9.884m8.413-18.297A11.815 11.815 0 0012.05 0C5.495 0 .16 5.335.157 11.892c0 2.096.547 4.142 1.588 5.945L.057 24l6.305-1.654a11.882 11.882 0 005.683 1.448h.005c6.554 0 11.89-5.335 11.893-11.893A11.821 11.821 0 0020.89 3.685\"\/><\/svg>WhatsApp \u0130leti\u015fim\n            <\/a><\/div><\/div><\/body><\/html>\t\t\t\t<\/div>\n\t\t\t\t<\/div>\n\t\t\t\t\t<\/div>\n\t\t\t\t<\/div>\n\t\t\t\t<\/div>\n\t\t","protected":false},"excerpt":{"rendered":"<p>Photos of Unforgettable Moments \u00d6zel Grup Turlar\u0131 ve Kombine Paketler \u00d6zel Grup Turlar\u0131 ve Kombine Paketler Arkada\u015f gruplar\u0131, aileler ve kurumsal etkinlikler i\u00e7in \u00f6zel d\u00fczenlenmi\u015f paketler. Birden fazla aktiviteyi kombine ederek daha avantajl\u0131 fiyatlarla keyifli bir g\u00fcn ge\u00e7irin. \u00d6zel Fiyat Teklifi Al WhatsApp \u0130leti\u015fim<\/p>\n","protected":false},"author":1,"featured_media":0,"parent":0,"menu_order":0,"comment_status":"closed","ping_status":"closed","template":"","meta":{"footnotes":""},"class_list":["post-629","page","type-page","status-publish","hentry"],"yoast_head":"<!-- This site is optimized with the Yoast SEO Premium plugin v25.4 (Yoast SEO v25.4) - https:\/\/yoast.com\/wordpress\/plugins\/seo\/ -->\n<title>Our Gallery - Ray Rafting<\/title>\n<meta name=\"robots\" content=\"index, follow, max-snippet:-1, max-image-preview:large, max-video-preview:-1\" \/>\n<link rel=\"canonical\" href=\"https:\/\/rayrafting.com\/en\/our-gallery\/\" \/>\n<meta property=\"og:locale\" content=\"en_US\" \/>\n<meta property=\"og:type\" content=\"article\" \/>\n<meta property=\"og:title\" content=\"Our Gallery\" \/>\n<meta property=\"og:description\" content=\"Photos of Unforgettable Moments \u00d6zel Grup Turlar\u0131 ve Kombine Paketler \u00d6zel Grup Turlar\u0131 ve Kombine Paketler Arkada\u015f gruplar\u0131, aileler ve kurumsal etkinlikler i\u00e7in \u00f6zel d\u00fczenlenmi\u015f paketler. Birden fazla aktiviteyi kombine ederek daha avantajl\u0131 fiyatlarla keyifli bir g\u00fcn ge\u00e7irin. \u00d6zel Fiyat Teklifi Al WhatsApp \u0130leti\u015fim\" \/>\n<meta property=\"og:url\" content=\"https:\/\/rayrafting.com\/en\/our-gallery\/\" \/>\n<meta property=\"og:site_name\" content=\"Ray Rafting\" \/>\n<meta property=\"article:modified_time\" content=\"2025-07-07T08:57:11+00:00\" \/>\n<meta property=\"og:image\" content=\"https:\/\/rayrafting.com\/wp-content\/uploads\/2025\/06\/17.png\" \/>\n<meta name=\"twitter:card\" content=\"summary_large_image\" \/>\n<script type=\"application\/ld+json\" class=\"yoast-schema-graph\">{\"@context\":\"https:\/\/schema.org\",\"@graph\":[{\"@type\":\"WebPage\",\"@id\":\"https:\/\/rayrafting.com\/en\/our-gallery\/\",\"url\":\"https:\/\/rayrafting.com\/en\/our-gallery\/\",\"name\":\"Our Gallery - Ray Rafting\",\"isPartOf\":{\"@id\":\"http:\/\/rayrafting.com\/#website\"},\"primaryImageOfPage\":{\"@id\":\"https:\/\/rayrafting.com\/en\/our-gallery\/#primaryimage\"},\"image\":{\"@id\":\"https:\/\/rayrafting.com\/en\/our-gallery\/#primaryimage\"},\"thumbnailUrl\":\"https:\/\/rayrafting.com\/wp-content\/uploads\/2025\/06\/17.png\",\"datePublished\":\"2025-06-26T12:57:06+00:00\",\"dateModified\":\"2025-07-07T08:57:11+00:00\",\"breadcrumb\":{\"@id\":\"https:\/\/rayrafting.com\/en\/our-gallery\/#breadcrumb\"},\"inLanguage\":\"en-US\",\"potentialAction\":[{\"@type\":\"ReadAction\",\"target\":[\"https:\/\/rayrafting.com\/en\/our-gallery\/\"]}]},{\"@type\":\"ImageObject\",\"inLanguage\":\"en-US\",\"@id\":\"https:\/\/rayrafting.com\/en\/our-gallery\/#primaryimage\",\"url\":\"https:\/\/rayrafting.com\/wp-content\/uploads\/2025\/06\/17.png\",\"contentUrl\":\"https:\/\/rayrafting.com\/wp-content\/uploads\/2025\/06\/17.png\"},{\"@type\":\"BreadcrumbList\",\"@id\":\"https:\/\/rayrafting.com\/en\/our-gallery\/#breadcrumb\",\"itemListElement\":[{\"@type\":\"ListItem\",\"position\":1,\"name\":\"Anasayfa\",\"item\":\"https:\/\/rayrafting.com\/en\/\"},{\"@type\":\"ListItem\",\"position\":2,\"name\":\"Our Gallery\"}]},{\"@type\":\"WebSite\",\"@id\":\"http:\/\/rayrafting.com\/#website\",\"url\":\"http:\/\/rayrafting.com\/\",\"name\":\"Ray Rafting\",\"description\":\"\",\"publisher\":{\"@id\":\"http:\/\/rayrafting.com\/#organization\"},\"potentialAction\":[{\"@type\":\"SearchAction\",\"target\":{\"@type\":\"EntryPoint\",\"urlTemplate\":\"http:\/\/rayrafting.com\/?s={search_term_string}\"},\"query-input\":{\"@type\":\"PropertyValueSpecification\",\"valueRequired\":true,\"valueName\":\"search_term_string\"}}],\"inLanguage\":\"en-US\"},{\"@type\":\"Organization\",\"@id\":\"http:\/\/rayrafting.com\/#organization\",\"name\":\"Ray Rafting\",\"url\":\"http:\/\/rayrafting.com\/\",\"logo\":{\"@type\":\"ImageObject\",\"inLanguage\":\"en-US\",\"@id\":\"http:\/\/rayrafting.com\/#\/schema\/logo\/image\/\",\"url\":\"https:\/\/rayrafting.com\/wp-content\/uploads\/2025\/06\/ray_rafting_logo-5.svg\",\"contentUrl\":\"https:\/\/rayrafting.com\/wp-content\/uploads\/2025\/06\/ray_rafting_logo-5.svg\",\"width\":153,\"height\":40,\"caption\":\"Ray Rafting\"},\"image\":{\"@id\":\"http:\/\/rayrafting.com\/#\/schema\/logo\/image\/\"}}]}<\/script>\n<!-- \/ Yoast SEO Premium plugin. -->","yoast_head_json":{"title":"Our Gallery - Ray Rafting","robots":{"index":"index","follow":"follow","max-snippet":"max-snippet:-1","max-image-preview":"max-image-preview:large","max-video-preview":"max-video-preview:-1"},"canonical":"https:\/\/rayrafting.com\/en\/our-gallery\/","og_locale":"en_US","og_type":"article","og_title":"Our Gallery","og_description":"Photos of Unforgettable Moments \u00d6zel Grup Turlar\u0131 ve Kombine Paketler \u00d6zel Grup Turlar\u0131 ve Kombine Paketler Arkada\u015f gruplar\u0131, aileler ve kurumsal etkinlikler i\u00e7in \u00f6zel d\u00fczenlenmi\u015f paketler. Birden fazla aktiviteyi kombine ederek daha avantajl\u0131 fiyatlarla keyifli bir g\u00fcn ge\u00e7irin. \u00d6zel Fiyat Teklifi Al WhatsApp \u0130leti\u015fim","og_url":"https:\/\/rayrafting.com\/en\/our-gallery\/","og_site_name":"Ray Rafting","article_modified_time":"2025-07-07T08:57:11+00:00","og_image":[{"url":"https:\/\/rayrafting.com\/wp-content\/uploads\/2025\/06\/17.png","type":"","width":"","height":""}],"twitter_card":"summary_large_image","schema":{"@context":"https:\/\/schema.org","@graph":[{"@type":"WebPage","@id":"https:\/\/rayrafting.com\/en\/our-gallery\/","url":"https:\/\/rayrafting.com\/en\/our-gallery\/","name":"Our Gallery - Ray Rafting","isPartOf":{"@id":"http:\/\/rayrafting.com\/#website"},"primaryImageOfPage":{"@id":"https:\/\/rayrafting.com\/en\/our-gallery\/#primaryimage"},"image":{"@id":"https:\/\/rayrafting.com\/en\/our-gallery\/#primaryimage"},"thumbnailUrl":"https:\/\/rayrafting.com\/wp-content\/uploads\/2025\/06\/17.png","datePublished":"2025-06-26T12:57:06+00:00","dateModified":"2025-07-07T08:57:11+00:00","breadcrumb":{"@id":"https:\/\/rayrafting.com\/en\/our-gallery\/#breadcrumb"},"inLanguage":"en-US","potentialAction":[{"@type":"ReadAction","target":["https:\/\/rayrafting.com\/en\/our-gallery\/"]}]},{"@type":"ImageObject","inLanguage":"en-US","@id":"https:\/\/rayrafting.com\/en\/our-gallery\/#primaryimage","url":"https:\/\/rayrafting.com\/wp-content\/uploads\/2025\/06\/17.png","contentUrl":"https:\/\/rayrafting.com\/wp-content\/uploads\/2025\/06\/17.png"},{"@type":"BreadcrumbList","@id":"https:\/\/rayrafting.com\/en\/our-gallery\/#breadcrumb","itemListElement":[{"@type":"ListItem","position":1,"name":"Anasayfa","item":"https:\/\/rayrafting.com\/en\/"},{"@type":"ListItem","position":2,"name":"Our Gallery"}]},{"@type":"WebSite","@id":"http:\/\/rayrafting.com\/#website","url":"http:\/\/rayrafting.com\/","name":"Ray Rafting","description":"","publisher":{"@id":"http:\/\/rayrafting.com\/#organization"},"potentialAction":[{"@type":"SearchAction","target":{"@type":"EntryPoint","urlTemplate":"http:\/\/rayrafting.com\/?s={search_term_string}"},"query-input":{"@type":"PropertyValueSpecification","valueRequired":true,"valueName":"search_term_string"}}],"inLanguage":"en-US"},{"@type":"Organization","@id":"http:\/\/rayrafting.com\/#organization","name":"Ray Rafting","url":"http:\/\/rayrafting.com\/","logo":{"@type":"ImageObject","inLanguage":"en-US","@id":"http:\/\/rayrafting.com\/#\/schema\/logo\/image\/","url":"https:\/\/rayrafting.com\/wp-content\/uploads\/2025\/06\/ray_rafting_logo-5.svg","contentUrl":"https:\/\/rayrafting.com\/wp-content\/uploads\/2025\/06\/ray_rafting_logo-5.svg","width":153,"height":40,"caption":"Ray Rafting"},"image":{"@id":"http:\/\/rayrafting.com\/#\/schema\/logo\/image\/"}}]}},"_links":{"self":[{"href":"https:\/\/rayrafting.com\/en\/wp-json\/wp\/v2\/pages\/629","targetHints":{"allow":["GET"]}}],"collection":[{"href":"https:\/\/rayrafting.com\/en\/wp-json\/wp\/v2\/pages"}],"about":[{"href":"https:\/\/rayrafting.com\/en\/wp-json\/wp\/v2\/types\/page"}],"author":[{"embeddable":true,"href":"https:\/\/rayrafting.com\/en\/wp-json\/wp\/v2\/users\/1"}],"replies":[{"embeddable":true,"href":"https:\/\/rayrafting.com\/en\/wp-json\/wp\/v2\/comments?post=629"}],"version-history":[{"count":0,"href":"https:\/\/rayrafting.com\/en\/wp-json\/wp\/v2\/pages\/629\/revisions"}],"wp:attachment":[{"href":"https:\/\/rayrafting.com\/en\/wp-json\/wp\/v2\/media?parent=629"}],"curies":[{"name":"wp","href":"https:\/\/api.w.org\/{rel}","templated":true}]}}